{"id":2159,"date":"2024-04-16T13:33:37","date_gmt":"2024-04-16T11:33:37","guid":{"rendered":"https:\/\/eguz-bo.com\/faq\/"},"modified":"2024-07-27T21:11:09","modified_gmt":"2024-07-27T19:11:09","slug":"faq","status":"publish","type":"page","link":"https:\/\/eguz-bo.com\/es\/faq\/","title":{"rendered":"FAQ"},"content":{"rendered":"[vc_row type=\u00bbfull_width_content\u00bb full_screen_row_position=\u00bbmiddle\u00bb column_margin=\u00bbdefault\u00bb equal_height=\u00bbyes\u00bb content_placement=\u00bbmiddle\u00bb column_direction=\u00bbdefault\u00bb column_direction_tablet=\u00bbdefault\u00bb column_direction_phone=\u00bbdefault\u00bb bg_color=\u00bb#ffffff\u00bb scene_position=\u00bbcenter\u00bb top_padding=\u00bb3%\u00bb constrain_group_1=\u00bbyes\u00bb bottom_padding=\u00bb3%\u00bb text_color=\u00bbdark\u00bb text_align=\u00bbleft\u00bb row_border_radius=\u00bbnone\u00bb row_border_radius_applies=\u00bbbg\u00bb overflow=\u00bbvisible\u00bb overlay_strength=\u00bb0.3&#8243; gradient_direction=\u00bbleft_to_right\u00bb shape_divider_position=\u00bbbottom\u00bb bg_image_animation=\u00bbnone\u00bb gradient_type=\u00bbdefault\u00bb shape_type=\u00bb\u00bb][vc_column column_padding=\u00bbpadding-10-percent\u00bb column_padding_tablet=\u00bbinherit\u00bb column_padding_phone=\u00bbinherit\u00bb column_padding_position=\u00bbleft-right\u00bb column_element_direction_desktop=\u00bbdefault\u00bb column_element_spacing=\u00bbdefault\u00bb desktop_text_alignment=\u00bbdefault\u00bb tablet_text_alignment=\u00bbdefault\u00bb phone_text_alignment=\u00bbdefault\u00bb background_color_opacity=\u00bb1&#8243; background_hover_color_opacity=\u00bb1&#8243; column_backdrop_filter=\u00bbnone\u00bb column_shadow=\u00bbnone\u00bb column_border_radius=\u00bbnone\u00bb column_link_target=\u00bb_self\u00bb column_position=\u00bbdefault\u00bb gradient_direction=\u00bbleft_to_right\u00bb overlay_strength=\u00bb0.3&#8243; width=\u00bb1\/1&#8243; tablet_width_inherit=\u00bbdefault\u00bb animation_type=\u00bbdefault\u00bb bg_image_animation=\u00bbnone\u00bb border_type=\u00bbsimple\u00bb column_border_width=\u00bbnone\u00bb column_border_style=\u00bbsolid\u00bb column_padding_type=\u00bbdefault\u00bb gradient_type=\u00bbdefault\u00bb][vc_row_inner column_margin=\u00bbdefault\u00bb column_direction=\u00bbdefault\u00bb column_direction_tablet=\u00bbdefault\u00bb column_direction_phone=\u00bbdefault\u00bb text_align=\u00bbleft\u00bb row_position=\u00bbdefault\u00bb row_position_tablet=\u00bbinherit\u00bb row_position_phone=\u00bbinherit\u00bb overflow=\u00bbvisible\u00bb pointer_events=\u00bball\u00bb][vc_column_inner column_padding=\u00bbno-extra-padding\u00bb column_padding_tablet=\u00bbinherit\u00bb column_padding_phone=\u00bbinherit\u00bb column_padding_position=\u00bball\u00bb column_element_direction_desktop=\u00bbdefault\u00bb column_element_spacing=\u00bbdefault\u00bb desktop_text_alignment=\u00bbdefault\u00bb tablet_text_alignment=\u00bbdefault\u00bb phone_text_alignment=\u00bbdefault\u00bb background_color_opacity=\u00bb1&#8243; background_hover_color_opacity=\u00bb1&#8243; column_backdrop_filter=\u00bbnone\u00bb column_shadow=\u00bbnone\u00bb column_border_radius=\u00bbnone\u00bb column_link_target=\u00bb_self\u00bb overflow=\u00bbvisible\u00bb gradient_direction=\u00bbleft_to_right\u00bb overlay_strength=\u00bb0.3&#8243; width=\u00bb1\/1&#8243; tablet_width_inherit=\u00bbdefault\u00bb animation_type=\u00bbdefault\u00bb enable_animation=\u00bbtrue\u00bb animation=\u00bbfade-in-from-bottom\u00bb animation_easing=\u00bbdefault\u00bb bg_image_animation=\u00bbnone\u00bb border_type=\u00bbsimple\u00bb column_border_width=\u00bbnone\u00bb column_border_style=\u00bbsolid\u00bb][vc_custom_heading text=\u00bbFAQ\u00bb font_container=\u00bbtag:h5|text_align:left|color:%23bf9002&#8243; use_theme_fonts=\u00bbyes\u00bb css=\u00bb.vc_custom_1713267146732{margin-bottom: 10px !important;}\u00bb][vc_column_text]<b>\u00bfQu\u00e9 es el S\u00e9rum para la piel y por qu\u00e9 deber\u00eda usarlo?<\/b><\/p>\n<ul>\n<li aria-level=\"1\"><span style=\"font-weight: 400;\">El Serum para la piel es un producto para el cuidado de la piel liviano y de r\u00e1pida absorci\u00f3n dise\u00f1ado para brindar altas concentraciones de ingredientes activos para abordar problemas espec\u00edficos de la piel. Los Serum est\u00e1n formulados para penetrar profundamente en la piel, brindando hidrataci\u00f3n, nutrici\u00f3n y abordando problemas como arrugas, l\u00edneas finas, manchas oscuras y textura desigual.<\/span><\/li>\n<\/ul>\n<p><b>\u00bfC\u00f3mo incorporo el S\u00e9rum para la piel en mi rutina de cuidado de la piel?<\/b><\/p>\n<ul>\n<li aria-level=\"1\"><span style=\"font-weight: 400;\">El Serum para la piel debe incorporarse a su r\u00e9gimen diario de cuidado de la piel, despu\u00e9s de la limpieza y tonificaci\u00f3n del rostro y la posterior hidrataci\u00f3n. Aplique una cantidad modesta, generalmente una o dos dosis, de Serum en las yemas de los dedos y masajee delicadamente la piel de la cara y el cuello. Permita un breve intervalo de 5 a 10 minutos para una absorci\u00f3n \u00f3ptima por parte de su piel. Si su piel demuestra una r\u00e1pida absorci\u00f3n, lo que indica sequedad, puede estar justificada una segunda aplicaci\u00f3n. En particular, la eficacia de Serum e4 es m\u00e1s pronunciada cuando se utiliza como paso final de su rutina vespertina o nocturna.<\/span><\/li>\n<\/ul>\n<p><b>\u00bfCu\u00e1nto tiempo durar\u00e1 el producto?<\/b><\/p>\n<ul>\n<li aria-level=\"1\"><span style=\"font-weight: 400;\">El Serum e4 debe durar aproximadamente 2 meses para pieles normales si se aplica diariamente por la noche en la cara y el cuello (una o dos aplicaciones). Sin embargo, las pieles muy secas pueden necesitar m\u00e1s hidrataci\u00f3n y por tanto pueden requerir aplicar una mayor cantidad.<\/span><\/li>\n<\/ul>\n<p><b>\u00bfEl S\u00e9rum cut\u00e1neo es adecuado para todo tipo de piel?<\/b><\/p>\n<ul>\n<li aria-level=\"1\"><span style=\"font-weight: 400;\">S\u00ed, el Serum e4 est\u00e1 formulado para ser adecuado para todo tipo de piel, incluida la grasa, la seca y la normal.<\/span><\/li>\n<\/ul>\n<p><b>\u00bfPuedo utilizar este producto en pieles sensibles?<\/b><\/p>\n<ul>\n<li aria-level=\"1\"><span style=\"font-weight: 400;\">Serum e4 ha sido probado dermatol\u00f3gicamente y ha demostrado ser bien tolerado. No se observaron reacciones. Adem\u00e1s, las rese\u00f1as de los usuarios indican que Serum e4 ha sido muy eficaz en pieles sensibles, incluidos usuarios que informaron sufrir psoriasis, eccema y alergias.<\/span><\/li>\n<li aria-level=\"1\"><span style=\"font-weight: 400;\">Sin embargo, si tienes piel sensible, siempre se recomienda realizar una prueba de parche antes de la aplicaci\u00f3n general.<\/span><\/li>\n<li aria-level=\"1\"><span style=\"font-weight: 400;\">Tenga en cuenta que este producto no est\u00e1 destinado a diagnosticar, tratar, curar ni prevenir ninguna enfermedad.<\/span><\/li>\n<\/ul>\n<p><b>\u00bfEste producto es s\u00f3lo para pieles maduras? \u00bfHay alguna limitaci\u00f3n de edad?<\/b><\/p>\n<ul>\n<li aria-level=\"1\"><span style=\"font-weight: 400;\">Serum e4 se puede utilizar a cualquier edad. \u00a1Nunca es demasiado pronto para empezar a cuidar tu piel!<\/span><\/li>\n<li aria-level=\"1\"><span style=\"font-weight: 400;\">De hecho, tenemos testimonios de un amplio espectro de usuarios (mujeres, hombres y adolescentes) que confirman que Serum e4 ha brindado excelentes resultados en pieles j\u00f3venes y maduras por igual.<\/span><\/li>\n<\/ul>\n<p><b>\u00bfPuedo usar Serum\u00a0para la piel durante el embarazo o la lactancia?<\/b><\/p>\n<ul>\n<li aria-level=\"1\"><span style=\"font-weight: 400;\">Debido a su contenido de algunos aceites esenciales que no se recomiendan durante el embarazo (por ejemplo, romero), evite utilizar el Serum e4 si est\u00e1 embarazada o lactancia materna.<\/span><\/li>\n<\/ul>\n<p><b>\u00bfCu\u00e1ndo puedo esperar ver resultados al usar Serum\u00a0para la piel?<\/b><\/p>\n<ul>\n<li aria-level=\"1\"><span style=\"font-weight: 400;\">Si bien algunas personas pueden notar mejoras inmediatas en la hidrataci\u00f3n y la textura de la piel, a menudo se necesitan varias semanas de uso constante para ver cambios significativos en problemas como las arrugas. , manchas oscuras o tono desigual.<\/span><\/li>\n<\/ul>\n<p><b>\u00bfPuedo aplicar capas de varios <\/b><strong>Serum<\/strong>\u00a0<b>en mi rutina de cuidado de la piel?<\/b><\/p>\n<ul>\n<li aria-level=\"1\"><span style=\"font-weight: 400;\">S\u00ed, puedes aplicar varios Serum e4 en tu rutina de cuidado de la piel para abordar diferentes preocupaciones. Sin embargo, es fundamental colocarlas en capas correctamente, comenzando con el Serum de consistencia m\u00e1s fina y terminando con el m\u00e1s espeso. Deje que cada Serum se absorba completamente en la piel antes de aplicar la siguiente capa.<\/span><\/li>\n<\/ul>\n<p><b>\u00bfQu\u00e9 debo hacer si siento irritaci\u00f3n despu\u00e9s de usar el S\u00e9rum?<\/b><\/p>\n<ul>\n<li aria-level=\"1\"><span style=\"font-weight: 400;\">Deje de usar el Serum e4 inmediatamente y cont\u00e1ctenos en <\/span><a href=\"mailto:contact@eguz-bo.com\"> <span style=\"font-weight: 400;\">contact@eguz-bo.com<\/span><\/a><\/li>\n<\/ul>\n<p><b>\u00bfSus Serum\u00a0para la piel son veganos y libres de crueldad animal?<\/b><\/p>\n<ul>\n<li aria-level=\"1\"><span style=\"font-weight: 400;\">S\u00ed, todos nuestros Serum e4 para la piel no contienen crueldad animal y est\u00e1n formulados sin ingredientes de origen animal, lo que los hace aptos para veganos. Estamos comprometidos con pr\u00e1cticas \u00e9ticas y garantizamos que nuestros productos cumplan con altos est\u00e1ndares de calidad y sostenibilidad.<\/span><\/li>\n<\/ul>\n<p><b>\u00bfEl S\u00e9rum e4 no tiene fragancia?<\/b><\/p>\n<ul>\n<li aria-level=\"1\"><span style=\"font-weight: 400;\">Serum e4 no incluye fragancias ni colorantes sint\u00e9ticos. El color naranja amarillento brillante y el aroma floral especiado provienen directamente de los ingredientes bot\u00e1nicos.<\/span><\/li>\n<\/ul>\n<p><b>\u00bfCu\u00e1les son sus opciones y costos de env\u00edo?<\/b><\/p>\n<ul>\n<li aria-level=\"1\"><span style=\"font-weight: 400;\">Actualmente, solo realizamos env\u00edos a Norteam\u00e9rica y Canad\u00e1.<\/span><\/li>\n<li aria-level=\"1\"><span style=\"font-weight: 400;\">El env\u00edo es gratuito para pedidos superiores a $100<\/span><\/li>\n<li aria-level=\"1\"><span style=\"font-weight: 400;\">Enviamos mediante USPS y nuestro objetivo es enviar su pedido dentro de los 5 d\u00edas h\u00e1biles<\/span><\/li>\n<\/ul>\n<p><b>\u00bfCu\u00e1l es su pol\u00edtica de devoluciones?<\/b><\/p>\n<ul>\n<li aria-level=\"1\"><span style=\"font-weight: 400;\">En Eguz-b\u00f3, nos esforzamos por lograr tu m\u00e1xima satisfacci\u00f3n con nuestros productos de suero para la piel. Sin embargo, entendemos que puede haber casos en los que necesites devolver o cambiar tu compra. Por lo tanto, hemos elaborado la siguiente pol\u00edtica de devoluci\u00f3n para garantizar una experiencia fluida y sin complicaciones:<\/span>\n<ul>\n<li aria-level=\"2\"><span style=\"font-weight: 400;\">Aceptamos devoluciones dentro de los 14 d\u00edas posteriores a la fecha de compra original<\/span><\/li>\n<li aria-level=\"2\"><span style=\"font-weight: 400;\">Para iniciar una devoluci\u00f3n, comun\u00edquese con nuestro equipo de atenci\u00f3n al cliente en <\/span><a href=\"mailto:contact@eguz-bo. es\"><span style=\"font-weight: 400;\">contact@eguz-bo.com<\/span><\/a><\/li>\n<li aria-level=\"2\"><span style=\"font-weight: 400;\">Nuestro equipo lo guiar\u00e1 a trav\u00e9s del proceso de devoluci\u00f3n y le brindar\u00e1 m\u00e1s instrucciones<\/span><\/li>\n<li aria-level=\"2\"><span style=\"font-weight: 400;\">Env\u00edo:<\/span>\n<ul>\n<li aria-level=\"3\"><span style=\"font-weight: 400;\">Los clientes son responsables de pagar los costos de env\u00edo asociados con la devoluci\u00f3n del art\u00edculo<\/span><\/li>\n<li aria-level=\"3\"><span style=\"font-weight: 400;\">Los costos de env\u00edo no son reembolsables<\/span><\/li>\n<\/ul>\n<\/li>\n<\/ul>\n<\/li>\n<li aria-level=\"1\"><span style=\"font-weight: 400;\">Tenga en cuenta que esta pol\u00edtica de devoluciones se aplica \u00fanicamente a compras realizadas directamente a trav\u00e9s de Eguz-b\u00f3. Si compr\u00f3 nuestros productos a un minorista externo, consulte su pol\u00edtica de devoluciones para obtener ayuda.<\/span><\/li>\n<li aria-level=\"1\"><span style=\"font-weight: 400;\">Si tiene alguna pregunta o inquietud sobre nuestra pol\u00edtica de devoluciones, no dude en comunicarse con nosotros. Tu satisfacci\u00f3n es nuestra principal prioridad y estamos comprometidos a garantizar una experiencia positiva con los productos para el cuidado de la piel de Eguz-b\u00f3.<\/span><\/li>\n<\/ul>\n<p><b>\u00bfC\u00f3mo puedo comunicarme con el servicio de atenci\u00f3n al cliente si tengo m\u00e1s preguntas?<\/b><\/p>\n<ul>\n<li aria-level=\"1\"><span style=\"font-weight: 400;\">Env\u00edenos un correo electr\u00f3nico a contact@eguz-bo.com<\/span><\/li>\n<\/ul>\n[\/vc_column_text][\/vc_column_inner][\/vc_row_inner][\/vc_column][\/vc_row]\n","protected":false},"excerpt":{"rendered":"<p>[vc_row type=\u00bbfull_width_content\u00bb full_screen_row_position=\u00bbmiddle\u00bb column_margin=\u00bbdefault\u00bb equal_height=\u00bbyes\u00bb content_placement=\u00bbmiddle\u00bb column_direction=\u00bbdefault\u00bb column_direction_tablet=\u00bbdefault\u00bb column_direction_phone=\u00bbdefault\u00bb bg_color=\u00bb#ffffff\u00bb scene_position=\u00bbcenter\u00bb top_padding=\u00bb3%\u00bb constrain_group_1=\u00bbyes\u00bb bottom_padding=\u00bb3%\u00bb text_color=\u00bbdark\u00bb text_align=\u00bbleft\u00bb row_border_radius=\u00bbnone\u00bb row_border_radius_applies=\u00bbbg\u00bb overflow=\u00bbvisible\u00bb overlay_strength=\u00bb0.3&#8243; gradient_direction=\u00bbleft_to_right\u00bb shape_divider_position=\u00bbbottom\u00bb bg_image_animation=\u00bbnone\u00bb gradient_type=\u00bbdefault\u00bb shape_type=\u00bb\u00bb][vc_column column_padding=\u00bbpadding-10-percent\u00bb column_padding_tablet=\u00bbinherit\u00bb column_padding_phone=\u00bbinherit\u00bb column_padding_position=\u00bbleft-right\u00bb column_element_direction_desktop=\u00bbdefault\u00bb&#8230;<\/p>\n","protected":false},"author":1,"featured_media":0,"parent":0,"menu_order":0,"comment_status":"closed","ping_status":"closed","template":"","meta":{"footnotes":""},"class_list":["post-2159","page","type-page","status-publish"],"_links":{"self":[{"href":"https:\/\/eguz-bo.com\/es\/wp-json\/wp\/v2\/pages\/2159","targetHints":{"allow":["GET"]}}],"collection":[{"href":"https:\/\/eguz-bo.com\/es\/wp-json\/wp\/v2\/pages"}],"about":[{"href":"https:\/\/eguz-bo.com\/es\/wp-json\/wp\/v2\/types\/page"}],"author":[{"embeddable":true,"href":"https:\/\/eguz-bo.com\/es\/wp-json\/wp\/v2\/users\/1"}],"replies":[{"embeddable":true,"href":"https:\/\/eguz-bo.com\/es\/wp-json\/wp\/v2\/comments?post=2159"}],"version-history":[{"count":3,"href":"https:\/\/eguz-bo.com\/es\/wp-json\/wp\/v2\/pages\/2159\/revisions"}],"predecessor-version":[{"id":2203,"href":"https:\/\/eguz-bo.com\/es\/wp-json\/wp\/v2\/pages\/2159\/revisions\/2203"}],"wp:attachment":[{"href":"https:\/\/eguz-bo.com\/es\/wp-json\/wp\/v2\/media?parent=2159"}],"curies":[{"name":"wp","href":"https:\/\/api.w.org\/{rel}","templated":true}]}}