{"id":2165,"date":"2021-02-14T03:49:43","date_gmt":"2021-02-14T02:49:43","guid":{"rendered":"https:\/\/eguz-bo.com\/product\/serum-e4\/"},"modified":"2024-07-24T18:20:42","modified_gmt":"2024-07-24T16:20:42","slug":"serum-e4","status":"publish","type":"product","link":"https:\/\/eguz-bo.com\/es\/producto\/serum-e4\/","title":{"rendered":"SERUM e4"},"content":{"rendered":"[vc_row type=\u00bbfull_width_background\u00bb full_screen_row_position=\u00bbmiddle\u00bb column_margin=\u00bbdefault\u00bb column_direction=\u00bbdefault\u00bb column_direction_tablet=\u00bbdefault\u00bb column_direction_phone=\u00bbdefault\u00bb bg_color=\u00bb#ffffff\u00bb scene_position=\u00bbcenter\u00bb top_padding_phone=\u00bb6%\u00bb text_color=\u00bbdark\u00bb text_align=\u00bbleft\u00bb row_border_radius=\u00bbnone\u00bb row_border_radius_applies=\u00bbbg\u00bb overflow=\u00bbvisible\u00bb overlay_strength=\u00bb0.3&#8243; gradient_direction=\u00bbleft_to_right\u00bb shape_divider_color=\u00bb#000000&#8243; shape_divider_position=\u00bbtop\u00bb bg_image_animation=\u00bbnone\u00bb shape_type=\u00bbstraight_section\u00bb gradient_type=\u00bbdefault\u00bb][vc_column column_padding=\u00bbno-extra-padding\u00bb column_padding_tablet=\u00bbinherit\u00bb column_padding_phone=\u00bbinherit\u00bb column_padding_position=\u00bball\u00bb column_element_direction_desktop=\u00bbdefault\u00bb column_element_spacing=\u00bb0px\u00bb desktop_text_alignment=\u00bbdefault\u00bb tablet_text_alignment=\u00bbdefault\u00bb phone_text_alignment=\u00bbdefault\u00bb background_color_opacity=\u00bb1&#8243; background_hover_color_opacity=\u00bb1&#8243; column_backdrop_filter=\u00bbnone\u00bb column_shadow=\u00bbnone\u00bb column_border_radius=\u00bbnone\u00bb column_link_target=\u00bb_self\u00bb column_position=\u00bbdefault\u00bb gradient_direction=\u00bbleft_to_right\u00bb overlay_strength=\u00bb0.3&#8243; width=\u00bb1\/1&#8243; tablet_width_inherit=\u00bbdefault\u00bb animation_type=\u00bbdefault\u00bb bg_image_animation=\u00bbnone\u00bb border_type=\u00bbsimple\u00bb column_border_width=\u00bbnone\u00bb column_border_style=\u00bbsolid\u00bb][toggles style=\u00bbdefault\u00bb border_radius=\u00bbnone\u00bb][toggle color=\u00bbDefault\u00bb heading_tag=\u00bbdefault\u00bb heading_tag_functionality=\u00bbdefault\u00bb title=\u00bbBENEFICIOS\u00bb][vc_column_text]\n<ul>\n<li aria-level=\"1\"><span style=\"font-weight: 400;\">Regenerante<\/span><\/li>\n<li aria-level=\"1\"><span style=\"font-weight: 400;\">Reparaci\u00f3n<\/span><\/li>\n<li aria-level=\"1\"><span style=\"font-weight: 400;\">Antienvejecimiento<\/span><\/li>\n<li aria-level=\"1\"><span style=\"font-weight: 400;\">Antioxidante<\/span><\/li>\n<li aria-level=\"1\"><span style=\"font-weight: 400;\">Mantiene los poros limpios (adecuado para el tratamiento del acn\u00e9)<\/span><\/li>\n<li aria-level=\"1\"><span style=\"font-weight: 400;\">Acelera la renovaci\u00f3n celular<\/span><\/li>\n<li aria-level=\"1\"><span style=\"font-weight: 400;\">Estimula la producci\u00f3n de col\u00e1geno<\/span><\/li>\n<li aria-level=\"1\"><span style=\"font-weight: 400;\">Promueve la elasticidad de la piel<\/span><\/li>\n<li aria-level=\"1\"><span style=\"font-weight: 400;\">Reduce la hiperpigmentaci\u00f3n<\/span><\/li>\n<li aria-level=\"1\"><span style=\"font-weight: 400;\">Ilumina la piel <\/span><\/li>\n<li aria-level=\"1\"><span style=\"font-weight: 400;\">Unifica el tono de la piel<\/span><\/li>\n<li aria-level=\"1\"><span style=\"font-weight: 400;\">Reduce la aparici\u00f3n de arrugas<\/span><\/li>\n<li aria-level=\"1\"><span style=\"font-weight: 400;\">Proporciona protecci\u00f3n antioxidante<\/span><\/li>\n<li aria-level=\"1\"><span style=\"font-weight: 400;\">Mejora la hidrataci\u00f3n de la piel<\/span><\/li>\n<li aria-level=\"1\"><span style=\"font-weight: 400;\">Fortalece y apoya la funci\u00f3n de barrera de la piel.<\/span><\/li>\n<\/ul>\n[\/vc_column_text][\/toggle][toggle color=\u00bbDefault\u00bb heading_tag=\u00bbdefault\u00bb heading_tag_functionality=\u00bbdefault\u00bb title=\u00bbINGREDIENTES PRINCIPALES\u00bb][vc_column_text]\n<ul>\n<li aria-level=\"1\"><span style=\"font-weight: 400;\">Coenzima Q10: Protege del estr\u00e9s oxidativo y los radicales libres y contrarresta los da\u00f1os causados \u200b\u200bpor el sol y otros da\u00f1os ambientales (como la contaminaci\u00f3n y los productos qu\u00edmicos) y factores del estilo de vida (p. ej., estr\u00e9s)\u00a0<\/span><\/li>\n<li aria-level=\"1\"><span style=\"font-weight: 400;\">Palmitato de retinilo (vitamina A): acelera la renovaci\u00f3n celular en la superficie de la piel para una textura m\u00e1s suave y uniforme, al mismo tiempo que act\u00faa en las capas m\u00e1s profundas para estimular la producci\u00f3n de col\u00e1geno y combatir las arrugas.<\/span><\/li>\n<li aria-level=\"1\"><span style=\"font-weight: 400;\">Aceites y extractos bot\u00e1nicos: proporcionan vitaminas, minerales, \u00e1cidos grasos esenciales y otros compuestos biocompatibles (fitoesteroles, polifenoles) adicionales que calman y Calma la piel, estimula la regeneraci\u00f3n celular, equilibra la grasa de la piel, nutre incluso las capas m\u00e1s profundas de la piel y mantiene la piel hidratada, con un tono uniforme y un aspecto juvenil.<\/span><\/li>\n<\/ul>\n[\/vc_column_text][\/toggle][toggle color=\u00bbDefault\u00bb heading_tag=\u00bbdefault\u00bb heading_tag_functionality=\u00bbdefault\u00bb title=\u00bbRESULTADOS DE LA PRUEBA DEL CONSUMIDOR*\u00bb][vc_column_text]100% de tolerancia en todo tipo de pieles: normales, grasas, maduras, secas y sensibles (incluidas pieles que padecen alergias, psoriasis y eczemas).<\/p>\n<p>El 96% inform\u00f3 una menor mejora en la sequedad\/hidrataci\u00f3n de la piel.<\/p>\n<p>El 91% report\u00f3 una piel con un aspecto m\u00e1s saludable.<\/p>\n<p>El 89 % inform\u00f3 tener una piel radiante, algunos incluso despu\u00e9s de reducir las horas de sue\u00f1o.<\/p>\n<p>El 83% mostr\u00f3 una reducci\u00f3n de l\u00edneas finas y arrugas.<\/p>\n<p><em>*Estudio de consumidores compuesto por 75 personas (incluidos hombres y mujeres mayores de 18 a\u00f1os)<\/em>[\/vc_column_text][\/toggle][toggle color=\u00bbDefault\u00bb heading_tag=\u00bbdefault\u00bb heading_tag_functionality=\u00bbdefault\u00bb title=\u00bbLISTA COMPLETA DE INGREDIENTES\u00bb][vc_column_text]Triglic\u00e9rido capr\u00edlico\/c\u00e1prico, olivato de etilhexilo, candelilla cera, aceite de semilla de Cannabis Sativa, aceite de semilla de Brassica oleracea italica (br\u00f3coli), aceite de semilla de Argania Spinosa, aceite de semilla de Simmondsia Chinensis (jojoba), aceite de semilla de Punica granatum, alcohol cetear\u00edlico, Olea Europaea (oliva) ) Aceite de fruta, aceite de semilla de Prunus Armeniaca (albaricoque), \u00e9steres cet\u00edlicos de aceite de oliva hidrogenado, aceite de flor de Cananga Odorata, cera de semilla de Helianthus Annuus (girasol), ubiquinona, aceite de escualano, aceite de hoja de Rosmarinus Officinalis (romero), aceite de flor de Pelargonium Graveolens, Lavandula Aceite de Angustifolia (lavanda), aceite de ra\u00edz de Zingiber Officinale (jengibre), aceite de madera de Santalum Austrocaledonicum, aceite de Commiphora Myrrha, extracto de flor de Calendula Officinalis, palmitato de vitamina A.[\/vc_column_text][\/toggle][\/toggles][\/vc_column][\/vc_row]\n","protected":false},"excerpt":{"rendered":"<p>*Descuento de lanzamiento incluido<\/p>\n","protected":false},"featured_media":2075,"template":"","meta":[],"product_brand":[],"product_cat":[36],"product_tag":[],"class_list":{"0":"post-2165","1":"product","2":"type-product","3":"status-publish","4":"has-post-thumbnail","6":"product_cat-skincare-es","8":"first","9":"outofstock","10":"sale","11":"taxable","12":"shipping-taxable","13":"purchasable","14":"product-type-simple"},"_links":{"self":[{"href":"https:\/\/eguz-bo.com\/es\/wp-json\/wp\/v2\/product\/2165","targetHints":{"allow":["GET"]}}],"collection":[{"href":"https:\/\/eguz-bo.com\/es\/wp-json\/wp\/v2\/product"}],"about":[{"href":"https:\/\/eguz-bo.com\/es\/wp-json\/wp\/v2\/types\/product"}],"wp:featuredmedia":[{"embeddable":true,"href":"https:\/\/eguz-bo.com\/es\/wp-json\/wp\/v2\/media\/2075"}],"wp:attachment":[{"href":"https:\/\/eguz-bo.com\/es\/wp-json\/wp\/v2\/media?parent=2165"}],"wp:term":[{"taxonomy":"product_brand","embeddable":true,"href":"https:\/\/eguz-bo.com\/es\/wp-json\/wp\/v2\/product_brand?post=2165"},{"taxonomy":"product_cat","embeddable":true,"href":"https:\/\/eguz-bo.com\/es\/wp-json\/wp\/v2\/product_cat?post=2165"},{"taxonomy":"product_tag","embeddable":true,"href":"https:\/\/eguz-bo.com\/es\/wp-json\/wp\/v2\/product_tag?post=2165"}],"curies":[{"name":"wp","href":"https:\/\/api.w.org\/{rel}","templated":true}]}}